{"id":16564,"date":"2022-02-28T12:59:33","date_gmt":"2022-02-28T11:59:33","guid":{"rendered":"https:\/\/www.schulthessforum.ch\/?page_id=16564"},"modified":"2023-11-08T15:16:25","modified_gmt":"2023-11-08T14:16:25","slug":"entreprise","status":"publish","type":"page","link":"https:\/\/dev.schulthessforum.ch\/fr\/entreprise\/","title":{"rendered":"Entreprise"},"content":{"rendered":"<p>[et_pb_section fb_built=\u00a0\u00bb1&Prime; fullwidth=\u00a0\u00bbon\u00a0\u00bb _builder_version=\u00a0\u00bb4.17.4&Prime; _module_preset=\u00a0\u00bbdefault\u00a0\u00bb locked=\u00a0\u00bboff\u00a0\u00bb collapsed=\u00a0\u00bboff\u00a0\u00bb global_colors_info=\u00a0\u00bb{}\u00a0\u00bb][et_pb_fullwidth_header title=\u00a0\u00bb@ET-DC@eyJkeW5hbWljIjp0cnVlLCJjb250ZW50IjoicG9zdF90aXRsZSIsInNldHRpbmdzIjp7ImJlZm9yZSI6IiIsImFmdGVyIjoiIn19@\u00a0\u00bb admin_label=\u00a0\u00bbHero\u00a0\u00bb module_id=\u00a0\u00bbschulthess-category-hero\u00a0\u00bb module_class=\u00a0\u00bbschulthess-hero\u00a0\u00bb _builder_version=\u00a0\u00bb4.19.4&Prime; _dynamic_attributes=\u00a0\u00bbtitle\u00a0\u00bb _module_preset=\u00a0\u00bbdefault\u00a0\u00bb use_background_color_gradient=\u00a0\u00bbon\u00a0\u00bb background_color_gradient_direction=\u00a0\u00bb90deg\u00a0\u00bb background_color_gradient_stops=\u00a0\u00bbrgba(36,69,102,0.9) 0%|rgba(36,69,102,0) 40%\u00a0\u00bb background_color_gradient_overlays_image=\u00a0\u00bbon\u00a0\u00bb background_enable_image=\u00a0\u00bboff\u00a0\u00bb background_position=\u00a0\u00bbcenter_left\u00a0\u00bb global_colors_info=\u00a0\u00bb{}\u00a0\u00bb][\/et_pb_fullwidth_header][\/et_pb_section][et_pb_section fb_built=\u00a0\u00bb1&Prime; _builder_version=\u00a0\u00bb4.16&Prime; _module_preset=\u00a0\u00bbdefault\u00a0\u00bb locked=\u00a0\u00bboff\u00a0\u00bb collapsed=\u00a0\u00bboff\u00a0\u00bb global_colors_info=\u00a0\u00bb{}\u00a0\u00bb][et_pb_row disabled_on=\u00a0\u00bboff|off|off\u00a0\u00bb _builder_version=\u00a0\u00bb4.16&Prime; _module_preset=\u00a0\u00bbdefault\u00a0\u00bb global_colors_info=\u00a0\u00bb{}\u00a0\u00bb][et_pb_column type=\u00a0\u00bb4_4&Prime; _builder_version=\u00a0\u00bb4.16&Prime; _module_preset=\u00a0\u00bbdefault\u00a0\u00bb global_colors_info=\u00a0\u00bb{}\u00a0\u00bb][et_pb_text _builder_version=\u00a0\u00bb4.22.1&Prime; _module_preset=\u00a0\u00bbdefault\u00a0\u00bb hover_enabled=\u00a0\u00bb0&Prime; global_colors_info=\u00a0\u00bb{}\u00a0\u00bb sticky_enabled=\u00a0\u00bb0&Prime;]<\/p>\n<h1>Schulthess M\u00e9dias Juridiques SA \u2013 Schulthess Forum<\/h1>\n<p>&nbsp;<br \/>\nLa soci\u00e9t\u00e9 Schulthess M\u00e9dias Juridiques SA, avec si\u00e8ge \u00e0 Zurich, compte parmi les soci\u00e9t\u00e9s suisses de m\u00e9dias sp\u00e9cialis\u00e9s les plus riches en tradition et les plus renomm\u00e9es. Son offre destin\u00e9e aux scientifiques comme aux praticiennes et praticiens englobe un vaste programme \u00e9ditorial avec des produits imprim\u00e9s, des produits num\u00e9riques et des manifestations, ainsi que des librairies affili\u00e9es.<\/p>\n<p>Le programme des manifestations de Schulthess Forum se base sur le besoin de qualification de sa client\u00e8le et pr\u00e9voit une large palette th\u00e9matique d\u2019offres de formation continue avec des s\u00e9minaires, des congr\u00e8s et des conf\u00e9rences en pr\u00e9sentiel ou en ligne: Un niveau de qualit\u00e9 \u00e9lev\u00e9, des oratrices et orateurs qualifi\u00e9s, un caract\u00e8re interdisciplinaire et une nouvelle perspective, le tout combin\u00e9 \u00e0 des formats modernes nouveaux, garantissent un apprentissage de grande actualit\u00e9 et fortement ax\u00e9 sur la pratique. L\u00b4\u00e9change de vues bilat\u00e9ral et informel vient compl\u00e9ter le dialogue sp\u00e9cialis\u00e9 et permet le contact entre les personnes participantes et les expertes et experts.<\/p>\n<p>Informations compl\u00e9mentaires sur Schulthess M\u00e9dias Juridiques SA sur : <a href=\"https:\/\/www.schulthess.com\" target=\"_blank\" rel=\"noopener nofollow\">www.schulthess.com<\/a>[\/et_pb_text][\/et_pb_column][\/et_pb_row][et_pb_row _builder_version=\u00a0\u00bb4.19.5&Prime; _module_preset=\u00a0\u00bbdefault\u00a0\u00bb collapsed=\u00a0\u00bbon\u00a0\u00bb global_colors_info=\u00a0\u00bb{}\u00a0\u00bb][et_pb_column type=\u00a0\u00bb4_4&Prime; _builder_version=\u00a0\u00bb4.19.5&Prime; _module_preset=\u00a0\u00bbdefault\u00a0\u00bb global_colors_info=\u00a0\u00bb{}\u00a0\u00bb][\/et_pb_column][\/et_pb_row][et_pb_row disabled_on=\u00a0\u00bbon|on|on\u00a0\u00bb _builder_version=\u00a0\u00bb4.16&Prime; _module_preset=\u00a0\u00bbdefault\u00a0\u00bb disabled=\u00a0\u00bbon\u00a0\u00bb collapsed=\u00a0\u00bbon\u00a0\u00bb global_colors_info=\u00a0\u00bb{}\u00a0\u00bb][et_pb_column type=\u00a0\u00bb4_4&Prime; _builder_version=\u00a0\u00bb4.16&Prime; _module_preset=\u00a0\u00bbdefault\u00a0\u00bb global_colors_info=\u00a0\u00bb{}\u00a0\u00bb][et_pb_text _builder_version=\u00a0\u00bb4.17.4&Prime; _module_preset=\u00a0\u00bbdefault\u00a0\u00bb global_colors_info=\u00a0\u00bb{}\u00a0\u00bb]<\/p>\n<h1>Schulthess<\/h1>\n<p>Ein Familienunternehmen seit 1791<\/p>\n<p>Das Familienunternehmen wurde im Jahr 1791 vom Theologieprofessor Johannes Schulthess (1763 \u2013 1836) gegr\u00fcndet. Neben Schulb\u00fcchern bildeten damals auch Werke theologischen Inhalts, sowie geschichtliche Werke den Grundstock des Verlages. Bereits 1804 erschien das erste juristische Werk, eine Sammlung der Gesetze des Kantons Z\u00fcrich. 1832 wurde die \u00bbSchulthess\u2019sche Buchhandlung\u00ab gegr\u00fcndet, die seit 1842 am Zwingliplatz in Z\u00fcrich ihren Sitz hat. Im Jahr 2000 wurde die Fachbuchhandlung f\u00fcr juristische Literatur in Basel er\u00f6ffnet.<\/p>\n<p>Zu Schulthess geh\u00f6ren, neben dem deutschschweizer Verlag, auch die in der franz\u00f6sischen Schweiz vertretene \u00c9dition Romandes mit Sitz in Genf und die Buchhandlungen in den Universit\u00e4tsst\u00e4dten Z\u00fcrich und Basel. Das Verlagssortiment besteht aus \u00fcber 3000 lieferbaren Verlagswerken. Als einer der Aktion\u00e4re und Datenlieferanten der juristischen Datenbank Swisslex ver\u00f6ffentlicht der Verlag Kommentare, Monografien und Periodika auch im Internet.<\/p>\n<p>Die Schulthess Juristische Medien AG ver\u00f6ffentlicht j\u00e4hrlich \u00fcber 200 juristische Titel, darunter mindestens 50 Dissertationen in verschiedenen Schriftenreihen. Rund 20 Zeitschriften zu juristischen Themen werden regelm\u00e4ssig publiziert. Mit 8000 Titeln betreiben unsere Buchhandlungen unter www.schulthess.com den gr\u00f6ssten Fachkatalog f\u00fcr juristische Publikationen in der Schweiz.<br \/>\n[\/et_pb_text][\/et_pb_column][\/et_pb_row][et_pb_row disabled_on=\u00a0\u00bbon|on|on\u00a0\u00bb _builder_version=\u00a0\u00bb4.16&Prime; _module_preset=\u00a0\u00bbdefault\u00a0\u00bb disabled=\u00a0\u00bbon\u00a0\u00bb collapsed=\u00a0\u00bbon\u00a0\u00bb global_colors_info=\u00a0\u00bb{}\u00a0\u00bb][et_pb_column type=\u00a0\u00bb4_4&Prime; _builder_version=\u00a0\u00bb4.16&Prime; _module_preset=\u00a0\u00bbdefault\u00a0\u00bb global_colors_info=\u00a0\u00bb{}\u00a0\u00bb][et_pb_text _builder_version=\u00a0\u00bb4.17.4&Prime; _module_preset=\u00a0\u00bbdefault\u00a0\u00bb global_colors_info=\u00a0\u00bb{}\u00a0\u00bb]<\/p>\n<h2>Schulthess Forum<\/h2>\n<p>Die Schulthess Juristische Medien AG bietet mit Schulthess Forum-Veranstaltungen ein umfassendes Weiterbildungsangebot f\u00fcr Wissenschaft und Praxis.<\/p>\n<p>Das Veranstaltungsprogramm unter Schulthess Forum orientiert sich am Qualifizierungsbedarf seiner Kunden und ist darauf ausgerichtet, theoretisches Wissen durch anschauliche und leicht nachvollziehbare Beispiele, Muster und reale F\u00e4lle zu vertiefen. Fachkundige und erfahrene Referierende, Interdisziplinarit\u00e4t und Perspektivenwechsel verbunden mit neuen modernen Formaten garantieren eine topaktuelle Wissensaufnahme mit hoher Praxisrelevanz.<\/p>\n<p>Mit Schulthess Forum Weiterbildungen k\u00f6nnen Sie Ihre berufliche Qualifikation aktualisieren und ausbauen.<\/p>\n<p><b style=\"font-size: 1.2em;\">Die angebotenen Veranstaltungen k\u00f6nnen Sie auch als interne Betriebsseminare buchen.<\/b><\/p>\n<p>Unsere Referierenden kommen hierzu in Ihr Unternehmen und schulen Ihre Mitarbeiter vor Ort in Ihren R\u00e4umlichkeiten. Alternativ bieten wir Ihnen ein exklusives Webinar an.\u2028Gerne erstellen wir Ihnen ein unverbindliches, ganz auf Ihre Bed\u00fcrfnisse zugeschnittenes Angebot: Schreiben Sie uns unter\u00a0<a href=\"mailto:veranstaltungen@schulthess.com\">veranstaltungen@schulthess.com<\/a>.<br \/>\n[\/et_pb_text][\/et_pb_column][\/et_pb_row][\/et_pb_section]<\/p>\n","protected":false},"excerpt":{"rendered":"<p>Schulthess M\u00e9dias Juridiques SA \u2013 Schulthess Forum &nbsp; La soci\u00e9t\u00e9 Schulthess M\u00e9dias Juridiques SA, avec si\u00e8ge \u00e0 Zurich, compte parmi les soci\u00e9t\u00e9s suisses de m\u00e9dias sp\u00e9cialis\u00e9s les plus riches en tradition et les plus renomm\u00e9es. Son offre destin\u00e9e aux scientifiques comme aux praticiennes et praticiens englobe un vaste programme \u00e9ditorial avec des produits imprim\u00e9s, des [&hellip;]<\/p>\n","protected":false},"author":107,"featured_media":0,"parent":0,"menu_order":0,"comment_status":"closed","ping_status":"closed","template":"","meta":{"_acf_changed":false,"_et_pb_use_builder":"on","_et_pb_old_content":"<p>[et_pb_section fb_built=\"1\" fullwidth=\"on\" _builder_version=\"4.17.4\" _module_preset=\"default\" locked=\"off\" collapsed=\"off\" global_colors_info=\"{}\"][et_pb_fullwidth_header title=\"@ET-DC@eyJkeW5hbWljIjp0cnVlLCJjb250ZW50IjoicG9zdF90aXRsZSIsInNldHRpbmdzIjp7ImJlZm9yZSI6IiIsImFmdGVyIjoiIn19@\" admin_label=\"Hero\" module_id=\"schulthess-category-hero\" module_class=\"schulthess-hero\" _builder_version=\"4.19.4\" _dynamic_attributes=\"title\" _module_preset=\"default\" use_background_color_gradient=\"on\" background_color_gradient_direction=\"90deg\" background_color_gradient_stops=\"rgba(36,69,102,0.9) 0%|rgba(36,69,102,0) 40%\" background_color_gradient_overlays_image=\"on\" background_enable_image=\"off\" background_position=\"center_left\" global_colors_info=\"{}\"][\/et_pb_fullwidth_header][\/et_pb_section][et_pb_section fb_built=\"1\" _builder_version=\"4.16\" _module_preset=\"default\" locked=\"off\" collapsed=\"off\" global_colors_info=\"{}\"][et_pb_row disabled_on=\"off|off|off\" _builder_version=\"4.16\" _module_preset=\"default\" global_colors_info=\"{}\"][et_pb_column type=\"4_4\" _builder_version=\"4.16\" _module_preset=\"default\" global_colors_info=\"{}\"][et_pb_text _builder_version=\"4.22.1\" _module_preset=\"default\" hover_enabled=\"0\" global_colors_info=\"{}\" sticky_enabled=\"0\"]<\/p><h1>Schulthess Juristische Medien AG \u2013 Schulthess Forum<\/h1><p>\u00a0<\/p><p>Die Schulthess Juristische Medien AG mit Sitz in Z\u00fcrich z\u00e4hlt zu den traditionsreichsten und renommiertesten Unternehmen im Schweizer Fachmediengesch\u00e4ft. Mit einem grossen juristischen Verlagsprogramm bestehend aus Print, Digital und Veranstaltungen sowie einem angeschlossenen Buchhandel bietet das Medienhaus ein umfassendes Angebot f\u00fcr Wissenschaft und Praxis.<\/p><p>Das Veranstaltungsprogramm unter Schulthess Forum orientiert sich am Qualifizierungsbedarf seiner Kunden und sieht ein thematisch breites Weiterbildungsangebot mit Seminaren, Tagungen und Konferenzen in Pr\u00e4senz und Online vor. Hohe Qualit\u00e4tsanspr\u00fcche, fachkundige Referenten, Interdisziplinarit\u00e4t und Perspektivenwechsel verbunden mit neuen modernen Formaten garantieren eine topaktuelle Wissensaufnahme mit hoher Praxisrelevanz. Der bilaterale und informelle Meinungsaustausch erg\u00e4nzt den fachlichen Dialog und erm\u00f6glicht die Kontaktaufnahme zwischen Teilnehmenden und Experten.<\/p><p>Weitere Informationen zur Schulthess Juristische Medien AG unter: <a href=\"https:\/\/www.schulthess.com\" target=\"_blank\" rel=\"noopener\">www.schulthess.com<\/a><\/p><p>[\/et_pb_text][\/et_pb_column][\/et_pb_row][et_pb_row _builder_version=\"4.19.5\" _module_preset=\"default\" collapsed=\"on\" global_colors_info=\"{}\"][et_pb_column type=\"4_4\" _builder_version=\"4.19.5\" _module_preset=\"default\" global_colors_info=\"{}\"][\/et_pb_column][\/et_pb_row][et_pb_row disabled_on=\"on|on|on\" _builder_version=\"4.16\" _module_preset=\"default\" disabled=\"on\" collapsed=\"on\" global_colors_info=\"{}\"][et_pb_column type=\"4_4\" _builder_version=\"4.16\" _module_preset=\"default\" global_colors_info=\"{}\"][et_pb_text _builder_version=\"4.17.4\" _module_preset=\"default\" global_colors_info=\"{}\"]<\/p><h1>Schulthess<\/h1><p>Ein Familienunternehmen seit 1791<\/p><p>Das Familienunternehmen wurde im Jahr 1791 vom Theologieprofessor Johannes Schulthess (1763 \u2013 1836) gegr\u00fcndet. Neben Schulb\u00fcchern bildeten damals auch Werke theologischen Inhalts, sowie geschichtliche Werke den Grundstock des Verlages. Bereits 1804 erschien das erste juristische Werk, eine Sammlung der Gesetze des Kantons Z\u00fcrich. 1832 wurde die \u00bbSchulthess\u2019sche Buchhandlung\u00ab gegr\u00fcndet, die seit 1842 am Zwingliplatz in Z\u00fcrich ihren Sitz hat. Im Jahr 2000 wurde die Fachbuchhandlung f\u00fcr juristische Literatur in Basel er\u00f6ffnet.<\/p><p>Zu Schulthess geh\u00f6ren, neben dem deutschschweizer Verlag, auch die in der franz\u00f6sischen Schweiz vertretene \u00c9dition Romandes mit Sitz in Genf und die Buchhandlungen in den Universit\u00e4tsst\u00e4dten Z\u00fcrich und Basel. Das Verlagssortiment besteht aus \u00fcber 3000 lieferbaren Verlagswerken. Als einer der Aktion\u00e4re und Datenlieferanten der juristischen Datenbank Swisslex ver\u00f6ffentlicht der Verlag Kommentare, Monografien und Periodika auch im Internet.<\/p><p>Die Schulthess Juristische Medien AG ver\u00f6ffentlicht j\u00e4hrlich \u00fcber 200 juristische Titel, darunter mindestens 50 Dissertationen in verschiedenen Schriftenreihen. Rund 20 Zeitschriften zu juristischen Themen werden regelm\u00e4ssig publiziert. Mit 8000 Titeln betreiben unsere Buchhandlungen unter www.schulthess.com den gr\u00f6ssten Fachkatalog f\u00fcr juristische Publikationen in der Schweiz.<\/p><p>[\/et_pb_text][\/et_pb_column][\/et_pb_row][et_pb_row disabled_on=\"on|on|on\" _builder_version=\"4.16\" _module_preset=\"default\" disabled=\"on\" collapsed=\"on\" global_colors_info=\"{}\"][et_pb_column type=\"4_4\" _builder_version=\"4.16\" _module_preset=\"default\" global_colors_info=\"{}\"][et_pb_text _builder_version=\"4.17.4\" _module_preset=\"default\" global_colors_info=\"{}\"]<\/p><h2>Schulthess Forum<\/h2><p>Die Schulthess Juristische Medien AG bietet mit Schulthess Forum-Veranstaltungen ein umfassendes Weiterbildungsangebot f\u00fcr Wissenschaft und Praxis.<\/p><p>Das Veranstaltungsprogramm unter Schulthess Forum orientiert sich am Qualifizierungsbedarf seiner Kunden und ist darauf ausgerichtet, theoretisches Wissen durch anschauliche und leicht nachvollziehbare Beispiele, Muster und reale F\u00e4lle zu vertiefen. Fachkundige und erfahrene Referierende, Interdisziplinarit\u00e4t und Perspektivenwechsel verbunden mit neuen modernen Formaten garantieren eine topaktuelle Wissensaufnahme mit hoher Praxisrelevanz.<\/p><p>Mit Schulthess Forum Weiterbildungen k\u00f6nnen Sie Ihre berufliche Qualifikation aktualisieren und ausbauen.<\/p><p><b style=\"font-size: 1.2em;\">Die angebotenen Veranstaltungen k\u00f6nnen Sie auch als interne Betriebsseminare buchen.<\/b><\/p><p>Unsere Referierenden kommen hierzu in Ihr Unternehmen und schulen Ihre Mitarbeiter vor Ort in Ihren R\u00e4umlichkeiten. Alternativ bieten wir Ihnen ein exklusives Webinar an.\u2028Gerne erstellen wir Ihnen ein unverbindliches, ganz auf Ihre Bed\u00fcrfnisse zugeschnittenes Angebot: Schreiben Sie uns unter\u00a0<a href=\"mailto:veranstaltungen@schulthess.com\">veranstaltungen@schulthess.com<\/a>.<\/p><p>[\/et_pb_text][\/et_pb_column][\/et_pb_row][\/et_pb_section]<\/p>","_et_gb_content_width":"","footnotes":""},"class_list":["post-16564","page","type-page","status-publish","hentry"],"acf":[],"_links":{"self":[{"href":"https:\/\/dev.schulthessforum.ch\/fr\/wp-json\/wp\/v2\/pages\/16564","targetHints":{"allow":["GET"]}}],"collection":[{"href":"https:\/\/dev.schulthessforum.ch\/fr\/wp-json\/wp\/v2\/pages"}],"about":[{"href":"https:\/\/dev.schulthessforum.ch\/fr\/wp-json\/wp\/v2\/types\/page"}],"author":[{"embeddable":true,"href":"https:\/\/dev.schulthessforum.ch\/fr\/wp-json\/wp\/v2\/users\/107"}],"replies":[{"embeddable":true,"href":"https:\/\/dev.schulthessforum.ch\/fr\/wp-json\/wp\/v2\/comments?post=16564"}],"version-history":[{"count":5,"href":"https:\/\/dev.schulthessforum.ch\/fr\/wp-json\/wp\/v2\/pages\/16564\/revisions"}],"predecessor-version":[{"id":17042,"href":"https:\/\/dev.schulthessforum.ch\/fr\/wp-json\/wp\/v2\/pages\/16564\/revisions\/17042"}],"wp:attachment":[{"href":"https:\/\/dev.schulthessforum.ch\/fr\/wp-json\/wp\/v2\/media?parent=16564"}],"curies":[{"name":"wp","href":"https:\/\/api.w.org\/{rel}","templated":true}]}}